{"id":6510,"date":"2026-01-28T13:10:59","date_gmt":"2026-01-28T12:10:59","guid":{"rendered":"https:\/\/www.foyer-anderlechtois.be\/?page_id=6510"},"modified":"2026-01-28T13:23:39","modified_gmt":"2026-01-28T12:23:39","slug":"gebruiksvoorwaarden-4","status":"publish","type":"page","link":"https:\/\/www.foyer-anderlechtois.be\/nl\/gebruiksvoorwaarden-4\/","title":{"rendered":"Transparence"},"content":{"rendered":"\t\t<div data-elementor-type=\"wp-page\" data-elementor-id=\"6510\" class=\"elementor elementor-6510 elementor-6509\" data-elementor-post-type=\"page\">\n\t\t\t\t\t\t<section class=\"elementor-section elementor-top-section elementor-element elementor-element-236e72f7 elementor-section-full_width elementor-section-height-min-height elementor-section-items-stretch ang-section-padding-initial elementor-section-height-default elementor-repeater-item-none elementor-repeater-item-none_hover\" data-id=\"236e72f7\" data-element_type=\"section\" data-e-type=\"section\">\n\t\t\t\t\t\t<div class=\"elementor-container elementor-column-gap-default\">\n\t\t\t\t\t<div class=\"elementor-column elementor-col-50 elementor-top-column elementor-element elementor-element-4cd17a77 elementor-repeater-item-none elementor-repeater-item-none_hover\" data-id=\"4cd17a77\" data-element_type=\"column\" data-e-type=\"column\" data-settings=\"{&quot;background_background&quot;:&quot;classic&quot;}\">\n\t\t\t<div class=\"elementor-widget-wrap elementor-element-populated\">\n\t\t\t\t\t\t<div class=\"elementor-element elementor-element-4268e6e3 elementor-repeater-item-none elementor-repeater-item-none_hover elementor-widget elementor-widget-spacer\" data-id=\"4268e6e3\" data-element_type=\"widget\" data-e-type=\"widget\" data-widget_type=\"spacer.default\">\n\t\t\t\t<div class=\"elementor-widget-container\">\n\t\t\t\t\t\t\t<div class=\"elementor-spacer\">\n\t\t\t<div class=\"elementor-spacer-inner\"><\/div>\n\t\t<\/div>\n\t\t\t\t\t\t<\/div>\n\t\t\t\t<\/div>\n\t\t\t\t\t<\/div>\n\t\t<\/div>\n\t\t\t\t<div class=\"elementor-column elementor-col-50 elementor-top-column elementor-element elementor-element-273a8502 elementor-repeater-item-none elementor-repeater-item-none_hover\" data-id=\"273a8502\" data-element_type=\"column\" data-e-type=\"column\" data-settings=\"{&quot;background_background&quot;:&quot;classic&quot;}\">\n\t\t\t<div class=\"elementor-widget-wrap elementor-element-populated\">\n\t\t\t\t\t\t<div class=\"elementor-element elementor-element-c4e0820 elementor-repeater-item-none elementor-repeater-item-none_hover elementor-widget elementor-widget-heading\" data-id=\"c4e0820\" data-element_type=\"widget\" data-e-type=\"widget\" data-widget_type=\"heading.default\">\n\t\t\t\t<div class=\"elementor-widget-container\">\n\t\t\t\t\t<h2 class=\"elementor-heading-title elementor-size-default\">Publication l\u00e9gale <\/h2>\t\t\t\t<\/div>\n\t\t\t\t<\/div>\n\t\t\t\t<div class=\"elementor-element elementor-element-0437f9e elementor-repeater-item-none elementor-repeater-item-none_hover elementor-widget elementor-widget-text-editor\" data-id=\"0437f9e\" data-element_type=\"widget\" data-e-type=\"widget\" data-widget_type=\"text-editor.default\">\n\t\t\t\t<div class=\"elementor-widget-container\">\n\t\t\t\t\t\t\t\t\t<p><strong>Direction G\u00e9n\u00e9rale <\/strong><a href=\"mailto:foyeranderlechtois@faah.be\"><strong>foyeranderlechtois@faah.be<\/strong><\/a><\/p><p><strong> <\/strong><strong><u>PAR COURRIER RECOMMANDE OU PAR COURRIER ELECTRONIQUE<\/u><\/strong><\/p><p><strong><u>PAR PUBLICATION AU MONITEUR BELGE, DANS L\u2019ECHO ET SUR LE SITE INTERNET DE LA<\/u><\/strong><\/p><p><strong><u>SOCIETE<\/u><\/strong><\/p><p><strong> <\/strong><\/p><p>Anderlecht. le 27 janvier 2026 <\/p><p> <\/p><p><strong>AUX ACTIONNAIRES DU FOYER ANDERLECHTOIS SA (ci-apr\u00e8s: la\u00ab Soci\u00e9t\u00e9\u00bb)<\/strong><\/p><p><strong>(si\u00e8ge social Rue de Birmingham 221 1070 Anderlecht <\/strong>&#8211; <strong>n\u00b0 B.C.E. 0401.962.060)<\/strong><\/p><p><strong> <\/strong><\/p><p>Mesdames, Messieurs,<\/p><p> <\/p><p>Le Conseil d&#8217;administration, en application de l&#8217;article 23, alin\u00e9a 1er, des statuts, a le plaisir de vous inviter \u00e0 <strong>l&#8217;Assembl\u00e9e G\u00e9n\u00e9rale Extraordinaire <\/strong>qui se tiendra le<\/p><p> <\/p><h1><u>jeudi 12 f\u00e9vrier 2026 \u00e0 17h00.<\/u><\/h1><p><strong> <\/strong><\/p><p>L&#8217;Assembl\u00e9e G\u00e9n\u00e9rale Extraordinaire du Foyer Anderlechtois se d\u00e9roulera en pr\u00e9sentiel au si\u00e8ge social de la Soci\u00e9t\u00e9 dans la salle Marguerite Yourcenar situ\u00e9e au 221 rue de Birmingham \u00e0 1070 Anderlecht.<\/p><p> <\/p><h2><u>L&#8217;ordre du jour de cette assembl\u00e9e g\u00e9n\u00e9rale extraordinaire est le suivant:<\/u><\/h2><ol><li>Approbation du proc\u00e8s-verbal de l&#8217;Assembl\u00e9e G\u00e9n\u00e9rale Ordinaire du 28 mai 2025;<\/li><\/ol><p> <\/p><ol start=\"2\"><li>D\u00e9cisions relatives au rachat par le Foyer Anderlechtois des 404 actions en d\u00e9sh\u00e9rence temporairement d\u00e9pos\u00e9es aupr\u00e8s de la Caisse des D\u00e9p\u00f4ts et Consignations en ex\u00e9cution de l&#8217;article 11. 4, de la loi du 14 d\u00e9cembre 2005 portant suppression des titres au porteur et qui n&#8217;ont pas fait l&#8217;objet d&#8217;une demande de restitution au 31 d\u00e9cembre 2025 \u00e0 la connaissance de la Soci\u00e9t\u00e9, conform\u00e9ment \u00e0 l&#8217;article 7:215 du Code des soci\u00e9t\u00e9s et des associations (\u00ab CSA \u00bb). le cas \u00e9ch\u00e9ant \u00e0 l&#8217;article 7 :216 du CSA \u00e0 l&#8217;article 12\/1. \u00a7 2, la loi du 14 d\u00e9cembre 2005 portant suppression des titres au porteur et \u00e0 l&#8217;arr\u00eat\u00e9 royal du 24 novembre 2025 d\u00e9terminant les r\u00e8gles de rachat des titres mentionn\u00e9es \u00e0 l&#8217;article 12\/1 de la loi du 14 d\u00e9cembre 2005 portant suppression des titres au porteur:   <ul><li>Rappel concernant la composition de l&#8217;actionnariat de la Soci\u00e9t\u00e9 et d\u00e9veloppements au sujet des 404 actions en d\u00e9sh\u00e9rence;<\/li><\/ul><\/li><\/ol><p> <\/p><ul><li>Prise de connaissance de la proposition de l&#8217;organe d&#8217;administration de rachat des 404 actions en d\u00e9sh\u00e9rence ;<\/li><li>Test de l&#8217;actif net;<\/li><li>D\u00e9cision de rachat des 404 actions en d\u00e9sh\u00e9rence en tant qu&#8217;actions propres en vue de leur destruction imm\u00e9diate, en ex\u00e9cution d&#8217;une d\u00e9cision de l&#8217;assembl\u00e9e g\u00e9n\u00e9rale de r\u00e9duire le capital;<\/li><li>Autorisation de l&#8217;organe d&#8217;administration, pour une dur\u00e9e de cinq ans \u00e0 dater de<\/li><\/ul><p>l&#8217;autorisation de l&#8217;assembl\u00e9e g\u00e9n\u00e9rale extraordinaire, de proc\u00e9der au rachat des 404 actions en d\u00e9sh\u00e9rence et donc d&#8217;\u00e9tablir, de signer et d&#8217;adresser \u00e0 la Caisse des D\u00e9p\u00f4ts et Consignations une offre de prix \u00e9crite propos\u00e9e \u00e0 l&#8217;Etat pour le rachat des 404 actions en d\u00e9sh\u00e9rence (\u00e0 diminuer le cas \u00e9ch\u00e9ant des actions restitu\u00e9es entre-temps);<\/p><ul><li>D\u00e9cision de d\u00e9truire les 404 actions en d\u00e9sh\u00e9rence (\u00e0 diminuer le cas \u00e9ch\u00e9ant des actions restitu\u00e9es entre-temps) en cas d&#8217;acceptation de l&#8217;offre de prix pour le rachat des 404 actions en d\u00e9sh\u00e9rence (\u00e0 diminuer le cas \u00e9ch\u00e9ant des actions restitu\u00e9es entre-temps) et de r\u00e9duire en cons\u00e9quence le capital de la Soci\u00e9t\u00e9 \u00e0 concurrence des 404 actions en d\u00e9sh\u00e9rence (\u00e0 diminuer le cas \u00e9ch\u00e9ant des actions restitu\u00e9es entre-temps) rachet\u00e9es (en cas d&#8217;acceptation de l&#8217;offre de rachat) ;<\/li><li>D\u00e9termination de la l\u00e9galit\u00e9 de la d\u00e9cision de rachat des 404 actions en d\u00e9sh\u00e9rence en tant qu&#8217;actions propres;<\/li><li>D\u00e9l\u00e9gation de pouvoirs sp\u00e9ciaux concernant l&#8217;accomplissement de toutes formalit\u00e9s de notification, d&#8217;\u00e9change d&#8217;informations, de d\u00e9p\u00f4t et de publication.<\/li><\/ul><p> <\/p><p>Il est rappel\u00e9 que, conform\u00e9ment \u00e0 l&#8217;article 7 :215, \u00a7 1er, du CSA la d\u00e9cision de l&#8217;assembl\u00e9e g\u00e9n\u00e9rale sur le point 2 pr\u00e9cit\u00e9 statuant sur le rachat d&#8217;actions propres doit \u00eatre prise dans le respect des conditions de quorum et de majorit\u00e9 requises pour la modification des statuts;<\/p><p> <\/p><p>\u00c0 d\u00e9faut de participation personnelle, l&#8217;actionnaire peut se faire repr\u00e9senter:<\/p><ul><li>soit par procuration dont un mod\u00e8le se trouve en annexe (vous pouvez le cas \u00e9ch\u00e9ant utiliser toute autre forme de procuration que vous souhaitez), s&#8217;il s&#8217;agit d&#8217;une personne physique ;<\/li><li>soit par une personne valablement d\u00e9sign\u00e9e par l&#8217;organe comp\u00e9tent s&#8217;il s&#8217;agit d&#8217;une personne morale.<\/li><\/ul><p> <\/p><p>Pour ce faire, veuillez transmettre le <strong><u>nom, pr\u00e9nom, adresse mail et copie de la carte<\/u> <u>d&#8217;identit\u00e9<\/u> <\/strong>de la personne mandat\u00e9e, ainsi que la procuration dont un mod\u00e8le se trouve en annexe ou, le cas \u00e9ch\u00e9ant la d\u00e9cision de l&#8217;organe comp\u00e9tent \u00e0 l&#8217;adresse mail: <a href=\"mailto:foyeranderlechtois@faah.be\">foyeranderlechtois@faah.be<\/a><\/p><p> <\/p><p>Veuillez agr\u00e9er, Mesdames, Messieurs, nos salutations distingu\u00e9es.<\/p><p> <\/p><p> <\/p><p> <\/p><p> <\/p><p>Lotfi MOSTEFA Pr\u00e9sident du Conseil d&#8217;Administration<\/p><p> <\/p><p><strong>ANNEXE \u2013 Procuration<\/strong><\/p><p><strong> <\/strong><\/p><p><strong> <\/strong><\/p><p>Je soussign\u00e9(e), <u> <\/u>qui poss\u00e8de <u> <\/u>actions du Foyer Anderlechtois SA,<\/p><p> <\/p><p> <\/p><p>D\u00e9clare donner procuration \u00e0 M.\/Mme <u> <\/u>aux fins de me repr\u00e9senter \u00e0 l\u2019assembl\u00e9e g\u00e9n\u00e9rale extraordinaire du Foyer Anderlechtois SA, convoqu\u00e9e pour le <u> <\/u>.<\/p><p> <\/p><p> <\/p><p>Le pr\u00e9sent mandat est g\u00e9n\u00e9ral et donn\u00e9 pour tous les points de l\u2019ordre du jour figurant sur la convocation<\/p><p>adress\u00e9e par le Foyer Anderlechtois SA.<\/p><p> <\/p><p> <\/p><p> <\/p><p>Fait \u00e0 <u> <\/u>, le <u> <\/u> <\/p>\t\t\t\t\t\t\t\t<\/div>\n\t\t\t\t<\/div>\n\t\t\t\t\t<\/div>\n\t\t<\/div>\n\t\t\t\t\t<\/div>\n\t\t<\/section>\n\t\t\t\t<section class=\"elementor-section elementor-top-section elementor-element elementor-element-59052fb2 elementor-section-full_width ang-section-padding-no elementor-section-height-default elementor-section-height-default elementor-repeater-item-none elementor-repeater-item-none_hover\" data-id=\"59052fb2\" data-element_type=\"section\" data-e-type=\"section\">\n\t\t\t\t\t\t<div class=\"elementor-container elementor-column-gap-default\">\n\t\t\t\t\t<div class=\"elementor-column elementor-col-100 elementor-top-column elementor-element elementor-element-791c94e6 elementor-repeater-item-none elementor-repeater-item-none_hover\" data-id=\"791c94e6\" data-element_type=\"column\" data-e-type=\"column\">\n\t\t\t<div class=\"elementor-widget-wrap elementor-element-populated\">\n\t\t\t\t\t\t<div class=\"elementor-element elementor-element-56f7fcd0 elementor-repeater-item-none elementor-repeater-item-none_hover elementor-widget elementor-widget-google_maps\" data-id=\"56f7fcd0\" data-element_type=\"widget\" data-e-type=\"widget\" data-widget_type=\"google_maps.default\">\n\t\t\t\t<div class=\"elementor-widget-container\">\n\t\t\t\t\t\t\t<div class=\"elementor-custom-embed\">\n\t\t\t<iframe loading=\"lazy\"\n\t\t\t\t\tsrc=\"https:\/\/maps.google.com\/maps?q=rue%20de%20Birmingham%20221&#038;t=m&#038;z=14&#038;output=embed&#038;iwloc=near\"\n\t\t\t\t\ttitle=\"rue de Birmingham 221\"\n\t\t\t\t\taria-label=\"rue de Birmingham 221\"\n\t\t\t><\/iframe>\n\t\t<\/div>\n\t\t\t\t\t\t<\/div>\n\t\t\t\t<\/div>\n\t\t\t\t\t<\/div>\n\t\t<\/div>\n\t\t\t\t\t<\/div>\n\t\t<\/section>\n\t\t\t\t<section class=\"elementor-section elementor-top-section elementor-element elementor-element-5666b5d ang-section-padding-no elementor-section-boxed elementor-section-height-default elementor-section-height-default elementor-repeater-item-none elementor-repeater-item-none_hover\" data-id=\"5666b5d\" data-element_type=\"section\" data-e-type=\"section\">\n\t\t\t\t\t\t<div class=\"elementor-container elementor-column-gap-default\">\n\t\t\t\t\t<div class=\"elementor-column elementor-col-100 elementor-top-column elementor-element elementor-element-64d593d elementor-repeater-item-none elementor-repeater-item-none_hover\" data-id=\"64d593d\" data-element_type=\"column\" data-e-type=\"column\">\n\t\t\t<div class=\"elementor-widget-wrap\">\n\t\t\t\t\t\t\t<\/div>\n\t\t<\/div>\n\t\t\t\t\t<\/div>\n\t\t<\/section>\n\t\t\t\t<\/div>\n\t\t","protected":false},"excerpt":{"rendered":"<p>Publication l\u00e9gale Direction G\u00e9n\u00e9rale foyeranderlechtois@faah.be PAR COURRIER RECOMMANDE OU PAR COURRIER ELECTRONIQUE PAR PUBLICATION AU MONITEUR BELGE, DANS L\u2019ECHO ET SUR LE SITE INTERNET DE LA SOCIETE Anderlecht. le 27 janvier 2026 AUX ACTIONNAIRES DU FOYER ANDERLECHTOIS SA (ci-apr\u00e8s: la\u00ab Soci\u00e9t\u00e9\u00bb) (si\u00e8ge social Rue de Birmingham 221 1070 Anderlecht &#8211; n\u00b0 B.C.E. 0401.962.060) Mesdames, Messieurs, [&hellip;]<\/p>\n","protected":false},"author":6,"featured_media":0,"parent":0,"menu_order":0,"comment_status":"closed","ping_status":"closed","template":"","meta":{"ocean_post_layout":"full-screen","ocean_both_sidebars_style":"","ocean_both_sidebars_content_width":0,"ocean_both_sidebars_sidebars_width":0,"ocean_sidebar":"0","ocean_second_sidebar":"0","ocean_disable_margins":"on","ocean_add_body_class":"","ocean_shortcode_before_top_bar":"","ocean_shortcode_after_top_bar":"","ocean_shortcode_before_header":"","ocean_shortcode_after_header":"","ocean_has_shortcode":"","ocean_shortcode_after_title":"","ocean_shortcode_before_footer_widgets":"","ocean_shortcode_after_footer_widgets":"","ocean_shortcode_before_footer_bottom":"","ocean_shortcode_after_footer_bottom":"","ocean_display_top_bar":"default","ocean_display_header":"default","ocean_header_style":"","ocean_center_header_left_menu":"0","ocean_custom_header_template":"0","ocean_custom_logo":0,"ocean_custom_retina_logo":0,"ocean_custom_logo_max_width":0,"ocean_custom_logo_tablet_max_width":0,"ocean_custom_logo_mobile_max_width":0,"ocean_custom_logo_max_height":0,"ocean_custom_logo_tablet_max_height":0,"ocean_custom_logo_mobile_max_height":0,"ocean_header_custom_menu":"0","ocean_menu_typo_font_family":"0","ocean_menu_typo_font_subset":"","ocean_menu_typo_font_size":0,"ocean_menu_typo_font_size_tablet":0,"ocean_menu_typo_font_size_mobile":0,"ocean_menu_typo_font_size_unit":"px","ocean_menu_typo_font_weight":"","ocean_menu_typo_font_weight_tablet":"","ocean_menu_typo_font_weight_mobile":"","ocean_menu_typo_transform":"","ocean_menu_typo_transform_tablet":"","ocean_menu_typo_transform_mobile":"","ocean_menu_typo_line_height":0,"ocean_menu_typo_line_height_tablet":0,"ocean_menu_typo_line_height_mobile":0,"ocean_menu_typo_line_height_unit":"","ocean_menu_typo_spacing":0,"ocean_menu_typo_spacing_tablet":0,"ocean_menu_typo_spacing_mobile":0,"ocean_menu_typo_spacing_unit":"","ocean_menu_link_color":"","ocean_menu_link_color_hover":"","ocean_menu_link_color_active":"","ocean_menu_link_background":"","ocean_menu_link_hover_background":"","ocean_menu_link_active_background":"","ocean_menu_social_links_bg":"","ocean_menu_social_hover_links_bg":"","ocean_menu_social_links_color":"","ocean_menu_social_hover_links_color":"","ocean_disable_title":"default","ocean_disable_heading":"default","ocean_post_title":"","ocean_post_subheading":"","ocean_post_title_style":"","ocean_post_title_background_color":"","ocean_post_title_background":0,"ocean_post_title_bg_image_position":"","ocean_post_title_bg_image_attachment":"","ocean_post_title_bg_image_repeat":"","ocean_post_title_bg_image_size":"","ocean_post_title_height":0,"ocean_post_title_bg_overlay":0.5,"ocean_post_title_bg_overlay_color":"","ocean_disable_breadcrumbs":"default","ocean_breadcrumbs_color":"","ocean_breadcrumbs_separator_color":"","ocean_breadcrumbs_links_color":"","ocean_breadcrumbs_links_hover_color":"","ocean_display_footer_widgets":"default","ocean_display_footer_bottom":"default","ocean_custom_footer_template":"0","footnotes":""},"class_list":["post-6510","page","type-page","status-publish","hentry","entry"],"yoast_head":"<!-- This site is optimized with the Yoast SEO plugin v27.5 - https:\/\/yoast.com\/product\/yoast-seo-wordpress\/ -->\n<title>Transparence - Foyer Anderlechtois - Anderlechtse Haard<\/title>\n<meta name=\"description\" content=\"De Anderlechtse Haard is een openbare vastgoedmaatschappij die een portefeuille bezit en beheert van meer dan 3.800 sociale woningen in de gemeente Anderlecht. De maatschappij werkt momenteel een grootschalig renovatieprogramma af en speelt ook een actieve rol in de productie en de verhuur van nieuwe woningen.\" \/>\n<meta name=\"robots\" content=\"index, follow, max-snippet:-1, max-image-preview:large, max-video-preview:-1\" \/>\n<link rel=\"canonical\" href=\"https:\/\/www.foyer-anderlechtois.be\/nl\/gebruiksvoorwaarden-4\/\" \/>\n<meta property=\"og:locale\" content=\"nl_NL\" \/>\n<meta property=\"og:type\" content=\"article\" \/>\n<meta property=\"og:title\" content=\"Transparence - Foyer Anderlechtois - Anderlechtse Haard\" \/>\n<meta property=\"og:description\" content=\"De Anderlechtse Haard is een openbare vastgoedmaatschappij die een portefeuille bezit en beheert van meer dan 3.800 sociale woningen in de gemeente Anderlecht. De maatschappij werkt momenteel een grootschalig renovatieprogramma af en speelt ook een actieve rol in de productie en de verhuur van nieuwe woningen.\" \/>\n<meta property=\"og:url\" content=\"https:\/\/www.foyer-anderlechtois.be\/nl\/gebruiksvoorwaarden-4\/\" \/>\n<meta property=\"og:site_name\" content=\"Foyer Anderlechtois - Anderlechtse Haard\" \/>\n<meta property=\"article:publisher\" content=\"https:\/\/www.facebook.com\/foyeranderlechtois\" \/>\n<meta property=\"article:modified_time\" content=\"2026-01-28T12:23:39+00:00\" \/>\n<meta name=\"twitter:card\" content=\"summary_large_image\" \/>\n<meta name=\"twitter:label1\" content=\"Geschatte leestijd\" \/>\n\t<meta name=\"twitter:data1\" content=\"4 minuten\" \/>\n<script type=\"application\/ld+json\" class=\"yoast-schema-graph\">{\"@context\":\"https:\\\/\\\/schema.org\",\"@graph\":[{\"@type\":\"WebPage\",\"@id\":\"https:\\\/\\\/www.foyer-anderlechtois.be\\\/nl\\\/gebruiksvoorwaarden-4\\\/\",\"url\":\"https:\\\/\\\/www.foyer-anderlechtois.be\\\/nl\\\/gebruiksvoorwaarden-4\\\/\",\"name\":\"Transparence - Foyer Anderlechtois - Anderlechtse Haard\",\"isPartOf\":{\"@id\":\"https:\\\/\\\/www.foyer-anderlechtois.be\\\/nl\\\/#website\"},\"datePublished\":\"2026-01-28T12:10:59+00:00\",\"dateModified\":\"2026-01-28T12:23:39+00:00\",\"description\":\"De Anderlechtse Haard is een openbare vastgoedmaatschappij die een portefeuille bezit en beheert van meer dan 3.800 sociale woningen in de gemeente Anderlecht. De maatschappij werkt momenteel een grootschalig renovatieprogramma af en speelt ook een actieve rol in de productie en de verhuur van nieuwe woningen.\",\"breadcrumb\":{\"@id\":\"https:\\\/\\\/www.foyer-anderlechtois.be\\\/nl\\\/gebruiksvoorwaarden-4\\\/#breadcrumb\"},\"inLanguage\":\"nl-NL\",\"potentialAction\":[{\"@type\":\"ReadAction\",\"target\":[\"https:\\\/\\\/www.foyer-anderlechtois.be\\\/nl\\\/gebruiksvoorwaarden-4\\\/\"]}]},{\"@type\":\"BreadcrumbList\",\"@id\":\"https:\\\/\\\/www.foyer-anderlechtois.be\\\/nl\\\/gebruiksvoorwaarden-4\\\/#breadcrumb\",\"itemListElement\":[{\"@type\":\"ListItem\",\"position\":1,\"name\":\"Accueil\",\"item\":\"https:\\\/\\\/www.foyer-anderlechtois.be\\\/nl\\\/onthaal\\\/\"},{\"@type\":\"ListItem\",\"position\":2,\"name\":\"Transparence\"}]},{\"@type\":\"WebSite\",\"@id\":\"https:\\\/\\\/www.foyer-anderlechtois.be\\\/nl\\\/#website\",\"url\":\"https:\\\/\\\/www.foyer-anderlechtois.be\\\/nl\\\/\",\"name\":\"Foyer Anderlechtois - Anderlechtse Haard\",\"description\":\"\",\"publisher\":{\"@id\":\"https:\\\/\\\/www.foyer-anderlechtois.be\\\/nl\\\/#organization\"},\"potentialAction\":[{\"@type\":\"SearchAction\",\"target\":{\"@type\":\"EntryPoint\",\"urlTemplate\":\"https:\\\/\\\/www.foyer-anderlechtois.be\\\/nl\\\/?s={search_term_string}\"},\"query-input\":{\"@type\":\"PropertyValueSpecification\",\"valueRequired\":true,\"valueName\":\"search_term_string\"}}],\"inLanguage\":\"nl-NL\"},{\"@type\":\"Organization\",\"@id\":\"https:\\\/\\\/www.foyer-anderlechtois.be\\\/nl\\\/#organization\",\"name\":\"Foyer Anderlechtois - Anderlechtse Haard\",\"url\":\"https:\\\/\\\/www.foyer-anderlechtois.be\\\/nl\\\/\",\"logo\":{\"@type\":\"ImageObject\",\"inLanguage\":\"nl-NL\",\"@id\":\"https:\\\/\\\/www.foyer-anderlechtois.be\\\/nl\\\/#\\\/schema\\\/logo\\\/image\\\/\",\"url\":\"https:\\\/\\\/www.foyer-anderlechtois.be\\\/wp-content\\\/uploads\\\/2021\\\/06\\\/logoFA_450dpi-e1626432951253.png\",\"contentUrl\":\"https:\\\/\\\/www.foyer-anderlechtois.be\\\/wp-content\\\/uploads\\\/2021\\\/06\\\/logoFA_450dpi-e1626432951253.png\",\"width\":300,\"height\":299,\"caption\":\"Foyer Anderlechtois - Anderlechtse Haard\"},\"image\":{\"@id\":\"https:\\\/\\\/www.foyer-anderlechtois.be\\\/nl\\\/#\\\/schema\\\/logo\\\/image\\\/\"},\"sameAs\":[\"https:\\\/\\\/www.facebook.com\\\/foyeranderlechtois\"]}]}<\/script>\n<!-- \/ Yoast SEO plugin. -->","yoast_head_json":{"title":"Transparence - Foyer Anderlechtois - Anderlechtse Haard","description":"De Anderlechtse Haard is een openbare vastgoedmaatschappij die een portefeuille bezit en beheert van meer dan 3.800 sociale woningen in de gemeente Anderlecht. De maatschappij werkt momenteel een grootschalig renovatieprogramma af en speelt ook een actieve rol in de productie en de verhuur van nieuwe woningen.","robots":{"index":"index","follow":"follow","max-snippet":"max-snippet:-1","max-image-preview":"max-image-preview:large","max-video-preview":"max-video-preview:-1"},"canonical":"https:\/\/www.foyer-anderlechtois.be\/nl\/gebruiksvoorwaarden-4\/","og_locale":"nl_NL","og_type":"article","og_title":"Transparence - Foyer Anderlechtois - Anderlechtse Haard","og_description":"De Anderlechtse Haard is een openbare vastgoedmaatschappij die een portefeuille bezit en beheert van meer dan 3.800 sociale woningen in de gemeente Anderlecht. De maatschappij werkt momenteel een grootschalig renovatieprogramma af en speelt ook een actieve rol in de productie en de verhuur van nieuwe woningen.","og_url":"https:\/\/www.foyer-anderlechtois.be\/nl\/gebruiksvoorwaarden-4\/","og_site_name":"Foyer Anderlechtois - Anderlechtse Haard","article_publisher":"https:\/\/www.facebook.com\/foyeranderlechtois","article_modified_time":"2026-01-28T12:23:39+00:00","twitter_card":"summary_large_image","twitter_misc":{"Geschatte leestijd":"4 minuten"},"schema":{"@context":"https:\/\/schema.org","@graph":[{"@type":"WebPage","@id":"https:\/\/www.foyer-anderlechtois.be\/nl\/gebruiksvoorwaarden-4\/","url":"https:\/\/www.foyer-anderlechtois.be\/nl\/gebruiksvoorwaarden-4\/","name":"Transparence - Foyer Anderlechtois - Anderlechtse Haard","isPartOf":{"@id":"https:\/\/www.foyer-anderlechtois.be\/nl\/#website"},"datePublished":"2026-01-28T12:10:59+00:00","dateModified":"2026-01-28T12:23:39+00:00","description":"De Anderlechtse Haard is een openbare vastgoedmaatschappij die een portefeuille bezit en beheert van meer dan 3.800 sociale woningen in de gemeente Anderlecht. De maatschappij werkt momenteel een grootschalig renovatieprogramma af en speelt ook een actieve rol in de productie en de verhuur van nieuwe woningen.","breadcrumb":{"@id":"https:\/\/www.foyer-anderlechtois.be\/nl\/gebruiksvoorwaarden-4\/#breadcrumb"},"inLanguage":"nl-NL","potentialAction":[{"@type":"ReadAction","target":["https:\/\/www.foyer-anderlechtois.be\/nl\/gebruiksvoorwaarden-4\/"]}]},{"@type":"BreadcrumbList","@id":"https:\/\/www.foyer-anderlechtois.be\/nl\/gebruiksvoorwaarden-4\/#breadcrumb","itemListElement":[{"@type":"ListItem","position":1,"name":"Accueil","item":"https:\/\/www.foyer-anderlechtois.be\/nl\/onthaal\/"},{"@type":"ListItem","position":2,"name":"Transparence"}]},{"@type":"WebSite","@id":"https:\/\/www.foyer-anderlechtois.be\/nl\/#website","url":"https:\/\/www.foyer-anderlechtois.be\/nl\/","name":"Foyer Anderlechtois - Anderlechtse Haard","description":"","publisher":{"@id":"https:\/\/www.foyer-anderlechtois.be\/nl\/#organization"},"potentialAction":[{"@type":"SearchAction","target":{"@type":"EntryPoint","urlTemplate":"https:\/\/www.foyer-anderlechtois.be\/nl\/?s={search_term_string}"},"query-input":{"@type":"PropertyValueSpecification","valueRequired":true,"valueName":"search_term_string"}}],"inLanguage":"nl-NL"},{"@type":"Organization","@id":"https:\/\/www.foyer-anderlechtois.be\/nl\/#organization","name":"Foyer Anderlechtois - Anderlechtse Haard","url":"https:\/\/www.foyer-anderlechtois.be\/nl\/","logo":{"@type":"ImageObject","inLanguage":"nl-NL","@id":"https:\/\/www.foyer-anderlechtois.be\/nl\/#\/schema\/logo\/image\/","url":"https:\/\/www.foyer-anderlechtois.be\/wp-content\/uploads\/2021\/06\/logoFA_450dpi-e1626432951253.png","contentUrl":"https:\/\/www.foyer-anderlechtois.be\/wp-content\/uploads\/2021\/06\/logoFA_450dpi-e1626432951253.png","width":300,"height":299,"caption":"Foyer Anderlechtois - Anderlechtse Haard"},"image":{"@id":"https:\/\/www.foyer-anderlechtois.be\/nl\/#\/schema\/logo\/image\/"},"sameAs":["https:\/\/www.facebook.com\/foyeranderlechtois"]}]}},"_links":{"self":[{"href":"https:\/\/www.foyer-anderlechtois.be\/nl\/wp-json\/wp\/v2\/pages\/6510","targetHints":{"allow":["GET"]}}],"collection":[{"href":"https:\/\/www.foyer-anderlechtois.be\/nl\/wp-json\/wp\/v2\/pages"}],"about":[{"href":"https:\/\/www.foyer-anderlechtois.be\/nl\/wp-json\/wp\/v2\/types\/page"}],"author":[{"embeddable":true,"href":"https:\/\/www.foyer-anderlechtois.be\/nl\/wp-json\/wp\/v2\/users\/6"}],"replies":[{"embeddable":true,"href":"https:\/\/www.foyer-anderlechtois.be\/nl\/wp-json\/wp\/v2\/comments?post=6510"}],"version-history":[{"count":3,"href":"https:\/\/www.foyer-anderlechtois.be\/nl\/wp-json\/wp\/v2\/pages\/6510\/revisions"}],"predecessor-version":[{"id":6522,"href":"https:\/\/www.foyer-anderlechtois.be\/nl\/wp-json\/wp\/v2\/pages\/6510\/revisions\/6522"}],"wp:attachment":[{"href":"https:\/\/www.foyer-anderlechtois.be\/nl\/wp-json\/wp\/v2\/media?parent=6510"}],"curies":[{"name":"wp","href":"https:\/\/api.w.org\/{rel}","templated":true}]}}